{"id":844,"date":"2022-03-31T20:07:45","date_gmt":"2022-03-31T20:07:45","guid":{"rendered":"https:\/\/revistacongresodigital.com\/?page_id=844"},"modified":"2022-04-12T18:57:15","modified_gmt":"2022-04-12T18:57:15","slug":"rama-legislativa","status":"publish","type":"page","link":"https:\/\/revistacongresodigital.com\/?page_id=844","title":{"rendered":"RAMA LEGISLATIVA"},"content":{"rendered":"\t\t<div data-elementor-type=\"wp-page\" data-elementor-id=\"844\" class=\"elementor elementor-844\">\n\t\t\t\t\t\t<section class=\"elementor-section elementor-top-section elementor-element elementor-element-5c316ccf elementor-section-boxed elementor-section-height-default elementor-section-height-default\" data-id=\"5c316ccf\" data-element_type=\"section\" data-e-type=\"section\">\n\t\t\t\t\t\t<div class=\"elementor-container elementor-column-gap-default\">\n\t\t\t\t\t<div class=\"elementor-column elementor-col-100 elementor-top-column elementor-element elementor-element-77a286a3\" data-id=\"77a286a3\" data-element_type=\"column\" data-e-type=\"column\">\n\t\t\t<div class=\"elementor-widget-wrap elementor-element-populated\">\n\t\t\t\t\t\t<div class=\"elementor-element elementor-element-47aefd97 elementor-widget elementor-widget-text-editor\" data-id=\"47aefd97\" data-element_type=\"widget\" data-e-type=\"widget\" data-widget_type=\"text-editor.default\">\n\t\t\t\t<div class=\"elementor-widget-container\">\n\t\t\t\t\t\t\t\t\t\n<p>A la Rama Legislativa le corresponde formular las leyes, ejercer control sobre el Gobierno y reformar la Constituci\u00f3n. Est\u00e1 representada por una corporaci\u00f3n p\u00fablica colegiada de elecci\u00f3n popular denominada Congreso de la Rep\u00fablica, el cual est\u00e1 integrado por el Senado de la Rep\u00fablica y la C\u00e1mara de Representantes, constituyendo as\u00ed un sistema bicameral; es decir, una c\u00e1mara alta representada por el Senado y una c\u00e1mara baja representada por la C\u00e1mara de Representantes.<\/p>\n\n\n\n<p><\/p>\n\n\n\n<figure class=\"wp-block-image is-resized\"><img fetchpriority=\"high\" decoding=\"async\" src=\"https:\/\/o.quizlet.com\/mNdiBtA5ByCuAlLOsrMfnA_b.png\" alt=\"La Rama Legislativa Diagram | Quizlet\" width=\"841\" height=\"450\"\/><\/figure>\n\n\n\n<p><\/p>\n\n\n\n<h3 class=\"wp-block-heading\">Legislaturas<\/h3>\n\n\n\n<p>Cada congresista es elegido para un per\u00edodo de cuatro a\u00f1os. Las legislaturas anuales se dividen en dos partes: la primera va del 20 de julio al 16 de diciembre, y la segunda va del 16 de marzo al 20 de junio del a\u00f1o siguiente.\u200b<\/p>\n\n\n\n<h3 class=\"wp-block-heading\">Sesiones ordinarias<\/h3>\n\n\n\n<p>De acuerdo con el art\u00edculo 138 de la Constituci\u00f3n Pol\u00edtica\u200b el congreso se reunir\u00e1 en sesiones ordinarias, durante dos (2) per\u00edodos por a\u00f1o, de esta forma:<\/p>\n\n\n\n<ul class=\"wp-block-list\"><li>El primer periodo de sesiones comenzar\u00e1 el 20 de julio y terminar\u00e1 el 16 de diciembre.<\/li><li>El segundo periodo iniciar\u00e1 el 16 de marzo y concluir\u00e1 el 20 de junio.<\/li><\/ul>\n\n\n\n<h4 class=\"wp-block-heading\">Mayor\u00edas<\/h4>\n\n\n\n<p>Para la aprobaci\u00f3n de las distintas\u00a0leyes\u00a0nombradas anteriormente se requieren distintos tipos de mayor\u00eda. Por ejemplo se encuentra la mayor\u00eda simple, que se utiliza en todas las decisiones que se someten a\u00a0votaci\u00f3n, con excepci\u00f3n de aquellas en las que la\u00a0Constituci\u00f3n\u00a0exige otra mayor\u00eda, y plantea que las decisiones se toman por la mayor\u00eda de los votos de los asistentes. Otro tipo de mayor\u00eda que se utiliza en el\u00a0Congreso\u00a0es la mayor\u00eda absoluta, la cual dictamina que las decisiones son adoptadas por la mayor\u00eda de los votos de los integrantes de la respectiva corporaci\u00f3n.\u200b<\/p>\n\n\n\n<p>Por otra parte, en el Congreso de la Rep\u00fablica de Colombia se requieren de mayor\u00edas calificadas y especiales, en las que las decisiones se toman por los dos tercios de los votos de los asistentes o de los miembros y en las que las decisiones son representadas por las tres cuartas partes de los votos de los miembros o de los integrantes, respectivamente. Es importante aclarar que el tipo de mayor\u00eda calificada se requiere para la aprobaci\u00f3n de\u00a0leyes\u00a0que reformen o deroguen\u00a0decretos\u00a0o\u00a0leyes\u00a0que concedan amnist\u00edas o indultos.<\/p>\n\t\t\t\t\t\t\t\t<\/div>\n\t\t\t\t<\/div>\n\t\t\t\t\t<\/div>\n\t\t<\/div>\n\t\t\t\t\t<\/div>\n\t\t<\/section>\n\t\t\t\t<\/div>\n\t\t","protected":false},"excerpt":{"rendered":"<p>A la Rama Legislativa le corresponde formular las leyes, ejercer control sobre el Gobierno y reformar la Constituci\u00f3n. Est\u00e1 representada por una corporaci\u00f3n p\u00fablica colegiada de elecci\u00f3n popular denominada Congreso&hellip; <\/p>\n","protected":false},"author":2,"featured_media":0,"parent":0,"menu_order":0,"comment_status":"closed","ping_status":"closed","template":"","meta":{"footnotes":""},"class_list":["post-844","page","type-page","status-publish","hentry"],"yoast_head":"<!-- This site is optimized with the Yoast SEO plugin v27.3 - https:\/\/yoast.com\/product\/yoast-seo-wordpress\/ -->\n<title>RAMA LEGISLATIVA - Revista Congreso Digital<\/title>\n<meta name=\"robots\" content=\"index, follow, max-snippet:-1, max-image-preview:large, max-video-preview:-1\" \/>\n<link rel=\"canonical\" href=\"https:\/\/revistacongresodigital.com\/?page_id=844\" \/>\n<meta property=\"og:locale\" content=\"es_ES\" \/>\n<meta property=\"og:type\" content=\"article\" \/>\n<meta property=\"og:title\" content=\"RAMA LEGISLATIVA - Revista Congreso Digital\" \/>\n<meta property=\"og:description\" content=\"A la Rama Legislativa le corresponde formular las leyes, ejercer control sobre el Gobierno y reformar la Constituci\u00f3n. Est\u00e1 representada por una corporaci\u00f3n p\u00fablica colegiada de elecci\u00f3n popular denominada Congreso&hellip;\" \/>\n<meta property=\"og:url\" content=\"https:\/\/revistacongresodigital.com\/?page_id=844\" \/>\n<meta property=\"og:site_name\" content=\"Revista Congreso Digital\" \/>\n<meta property=\"article:modified_time\" content=\"2022-04-12T18:57:15+00:00\" \/>\n<meta property=\"og:image\" content=\"https:\/\/o.quizlet.com\/mNdiBtA5ByCuAlLOsrMfnA_b.png\" \/>\n<meta name=\"twitter:card\" content=\"summary_large_image\" \/>\n<meta name=\"twitter:label1\" content=\"Tiempo de lectura\" \/>\n\t<meta name=\"twitter:data1\" content=\"2 minutos\" \/>\n<script type=\"application\/ld+json\" class=\"yoast-schema-graph\">{\"@context\":\"https:\\\/\\\/schema.org\",\"@graph\":[{\"@type\":\"WebPage\",\"@id\":\"https:\\\/\\\/revistacongresodigital.com\\\/?page_id=844\",\"url\":\"https:\\\/\\\/revistacongresodigital.com\\\/?page_id=844\",\"name\":\"RAMA LEGISLATIVA - Revista Congreso Digital\",\"isPartOf\":{\"@id\":\"https:\\\/\\\/www.revistacongresodigital.com\\\/#website\"},\"primaryImageOfPage\":{\"@id\":\"https:\\\/\\\/revistacongresodigital.com\\\/?page_id=844#primaryimage\"},\"image\":{\"@id\":\"https:\\\/\\\/revistacongresodigital.com\\\/?page_id=844#primaryimage\"},\"thumbnailUrl\":\"https:\\\/\\\/o.quizlet.com\\\/mNdiBtA5ByCuAlLOsrMfnA_b.png\",\"datePublished\":\"2022-03-31T20:07:45+00:00\",\"dateModified\":\"2022-04-12T18:57:15+00:00\",\"breadcrumb\":{\"@id\":\"https:\\\/\\\/revistacongresodigital.com\\\/?page_id=844#breadcrumb\"},\"inLanguage\":\"es\",\"potentialAction\":[{\"@type\":\"ReadAction\",\"target\":[\"https:\\\/\\\/revistacongresodigital.com\\\/?page_id=844\"]}]},{\"@type\":\"ImageObject\",\"inLanguage\":\"es\",\"@id\":\"https:\\\/\\\/revistacongresodigital.com\\\/?page_id=844#primaryimage\",\"url\":\"https:\\\/\\\/o.quizlet.com\\\/mNdiBtA5ByCuAlLOsrMfnA_b.png\",\"contentUrl\":\"https:\\\/\\\/o.quizlet.com\\\/mNdiBtA5ByCuAlLOsrMfnA_b.png\"},{\"@type\":\"BreadcrumbList\",\"@id\":\"https:\\\/\\\/revistacongresodigital.com\\\/?page_id=844#breadcrumb\",\"itemListElement\":[{\"@type\":\"ListItem\",\"position\":1,\"name\":\"Portada\",\"item\":\"https:\\\/\\\/www.revistacongresodigital.com\\\/\"},{\"@type\":\"ListItem\",\"position\":2,\"name\":\"RAMA LEGISLATIVA\"}]},{\"@type\":\"WebSite\",\"@id\":\"https:\\\/\\\/www.revistacongresodigital.com\\\/#website\",\"url\":\"https:\\\/\\\/www.revistacongresodigital.com\\\/\",\"name\":\"Revista Congreso Digital\",\"description\":\"Revista Congreso Digital\",\"publisher\":{\"@id\":\"https:\\\/\\\/www.revistacongresodigital.com\\\/#organization\"},\"potentialAction\":[{\"@type\":\"SearchAction\",\"target\":{\"@type\":\"EntryPoint\",\"urlTemplate\":\"https:\\\/\\\/www.revistacongresodigital.com\\\/?s={search_term_string}\"},\"query-input\":{\"@type\":\"PropertyValueSpecification\",\"valueRequired\":true,\"valueName\":\"search_term_string\"}}],\"inLanguage\":\"es\"},{\"@type\":\"Organization\",\"@id\":\"https:\\\/\\\/www.revistacongresodigital.com\\\/#organization\",\"name\":\"Revista Congreso Digital\",\"url\":\"https:\\\/\\\/www.revistacongresodigital.com\\\/\",\"logo\":{\"@type\":\"ImageObject\",\"inLanguage\":\"es\",\"@id\":\"https:\\\/\\\/www.revistacongresodigital.com\\\/#\\\/schema\\\/logo\\\/image\\\/\",\"url\":\"https:\\\/\\\/revistacongresodigital.com\\\/wp-content\\\/uploads\\\/2022\\\/03\\\/cropped-FIRMA-JP-e1648679804884.png\",\"contentUrl\":\"https:\\\/\\\/revistacongresodigital.com\\\/wp-content\\\/uploads\\\/2022\\\/03\\\/cropped-FIRMA-JP-e1648679804884.png\",\"width\":512,\"height\":512,\"caption\":\"Revista Congreso Digital\"},\"image\":{\"@id\":\"https:\\\/\\\/www.revistacongresodigital.com\\\/#\\\/schema\\\/logo\\\/image\\\/\"}}]}<\/script>\n<!-- \/ Yoast SEO plugin. -->","yoast_head_json":{"title":"RAMA LEGISLATIVA - Revista Congreso Digital","robots":{"index":"index","follow":"follow","max-snippet":"max-snippet:-1","max-image-preview":"max-image-preview:large","max-video-preview":"max-video-preview:-1"},"canonical":"https:\/\/revistacongresodigital.com\/?page_id=844","og_locale":"es_ES","og_type":"article","og_title":"RAMA LEGISLATIVA - Revista Congreso Digital","og_description":"A la Rama Legislativa le corresponde formular las leyes, ejercer control sobre el Gobierno y reformar la Constituci\u00f3n. Est\u00e1 representada por una corporaci\u00f3n p\u00fablica colegiada de elecci\u00f3n popular denominada Congreso&hellip;","og_url":"https:\/\/revistacongresodigital.com\/?page_id=844","og_site_name":"Revista Congreso Digital","article_modified_time":"2022-04-12T18:57:15+00:00","og_image":[{"url":"https:\/\/o.quizlet.com\/mNdiBtA5ByCuAlLOsrMfnA_b.png","type":"","width":"","height":""}],"twitter_card":"summary_large_image","twitter_misc":{"Tiempo de lectura":"2 minutos"},"schema":{"@context":"https:\/\/schema.org","@graph":[{"@type":"WebPage","@id":"https:\/\/revistacongresodigital.com\/?page_id=844","url":"https:\/\/revistacongresodigital.com\/?page_id=844","name":"RAMA LEGISLATIVA - Revista Congreso Digital","isPartOf":{"@id":"https:\/\/www.revistacongresodigital.com\/#website"},"primaryImageOfPage":{"@id":"https:\/\/revistacongresodigital.com\/?page_id=844#primaryimage"},"image":{"@id":"https:\/\/revistacongresodigital.com\/?page_id=844#primaryimage"},"thumbnailUrl":"https:\/\/o.quizlet.com\/mNdiBtA5ByCuAlLOsrMfnA_b.png","datePublished":"2022-03-31T20:07:45+00:00","dateModified":"2022-04-12T18:57:15+00:00","breadcrumb":{"@id":"https:\/\/revistacongresodigital.com\/?page_id=844#breadcrumb"},"inLanguage":"es","potentialAction":[{"@type":"ReadAction","target":["https:\/\/revistacongresodigital.com\/?page_id=844"]}]},{"@type":"ImageObject","inLanguage":"es","@id":"https:\/\/revistacongresodigital.com\/?page_id=844#primaryimage","url":"https:\/\/o.quizlet.com\/mNdiBtA5ByCuAlLOsrMfnA_b.png","contentUrl":"https:\/\/o.quizlet.com\/mNdiBtA5ByCuAlLOsrMfnA_b.png"},{"@type":"BreadcrumbList","@id":"https:\/\/revistacongresodigital.com\/?page_id=844#breadcrumb","itemListElement":[{"@type":"ListItem","position":1,"name":"Portada","item":"https:\/\/www.revistacongresodigital.com\/"},{"@type":"ListItem","position":2,"name":"RAMA LEGISLATIVA"}]},{"@type":"WebSite","@id":"https:\/\/www.revistacongresodigital.com\/#website","url":"https:\/\/www.revistacongresodigital.com\/","name":"Revista Congreso Digital","description":"Revista Congreso Digital","publisher":{"@id":"https:\/\/www.revistacongresodigital.com\/#organization"},"potentialAction":[{"@type":"SearchAction","target":{"@type":"EntryPoint","urlTemplate":"https:\/\/www.revistacongresodigital.com\/?s={search_term_string}"},"query-input":{"@type":"PropertyValueSpecification","valueRequired":true,"valueName":"search_term_string"}}],"inLanguage":"es"},{"@type":"Organization","@id":"https:\/\/www.revistacongresodigital.com\/#organization","name":"Revista Congreso Digital","url":"https:\/\/www.revistacongresodigital.com\/","logo":{"@type":"ImageObject","inLanguage":"es","@id":"https:\/\/www.revistacongresodigital.com\/#\/schema\/logo\/image\/","url":"https:\/\/revistacongresodigital.com\/wp-content\/uploads\/2022\/03\/cropped-FIRMA-JP-e1648679804884.png","contentUrl":"https:\/\/revistacongresodigital.com\/wp-content\/uploads\/2022\/03\/cropped-FIRMA-JP-e1648679804884.png","width":512,"height":512,"caption":"Revista Congreso Digital"},"image":{"@id":"https:\/\/www.revistacongresodigital.com\/#\/schema\/logo\/image\/"}}]}},"_links":{"self":[{"href":"https:\/\/revistacongresodigital.com\/index.php?rest_route=\/wp\/v2\/pages\/844","targetHints":{"allow":["GET"]}}],"collection":[{"href":"https:\/\/revistacongresodigital.com\/index.php?rest_route=\/wp\/v2\/pages"}],"about":[{"href":"https:\/\/revistacongresodigital.com\/index.php?rest_route=\/wp\/v2\/types\/page"}],"author":[{"embeddable":true,"href":"https:\/\/revistacongresodigital.com\/index.php?rest_route=\/wp\/v2\/users\/2"}],"replies":[{"embeddable":true,"href":"https:\/\/revistacongresodigital.com\/index.php?rest_route=%2Fwp%2Fv2%2Fcomments&post=844"}],"version-history":[{"count":5,"href":"https:\/\/revistacongresodigital.com\/index.php?rest_route=\/wp\/v2\/pages\/844\/revisions"}],"predecessor-version":[{"id":1474,"href":"https:\/\/revistacongresodigital.com\/index.php?rest_route=\/wp\/v2\/pages\/844\/revisions\/1474"}],"wp:attachment":[{"href":"https:\/\/revistacongresodigital.com\/index.php?rest_route=%2Fwp%2Fv2%2Fmedia&parent=844"}],"curies":[{"name":"wp","href":"https:\/\/api.w.org\/{rel}","templated":true}]}}