{"id":287,"date":"2021-07-20T09:21:21","date_gmt":"2021-07-20T09:21:21","guid":{"rendered":"http:\/\/themes.tielabs.com\/sahifa5\/?page_id=287"},"modified":"2022-04-12T18:53:25","modified_gmt":"2022-04-12T18:53:25","slug":"legislacion-reglamentaria-y-o-complementaria-del-sujeto-obligado","status":"publish","type":"page","link":"https:\/\/revistacongresodigital.com\/?page_id=287","title":{"rendered":"Legislaci\u00f3n Reglamentaria y\/o Complementaria del sujeto obligado"},"content":{"rendered":"\t\t<div data-elementor-type=\"wp-page\" data-elementor-id=\"287\" class=\"elementor elementor-287\">\n\t\t\t\t\t\t<section class=\"elementor-section elementor-top-section elementor-element elementor-element-189cb544 elementor-section-boxed elementor-section-height-default elementor-section-height-default\" data-id=\"189cb544\" data-element_type=\"section\" data-e-type=\"section\">\n\t\t\t\t\t\t<div class=\"elementor-container elementor-column-gap-default\">\n\t\t\t\t\t<div class=\"elementor-column elementor-col-100 elementor-top-column elementor-element elementor-element-e3bedba\" data-id=\"e3bedba\" data-element_type=\"column\" data-e-type=\"column\">\n\t\t\t<div class=\"elementor-widget-wrap elementor-element-populated\">\n\t\t\t\t\t\t<div class=\"elementor-element elementor-element-45a1586e elementor-widget elementor-widget-text-editor\" data-id=\"45a1586e\" data-element_type=\"widget\" data-e-type=\"widget\" data-widget_type=\"text-editor.default\">\n\t\t\t\t<div class=\"elementor-widget-container\">\n\t\t\t\t\t\t\t\t\t\n<p>Estas son algunas leyes que armonizan con el contenido de la ley 5\u00aa de 1992:<\/p>\n\n\n\n<ul class=\"wp-block-list\"><li><a href=\"https:\/\/senado.gov.co\/images\/Archivospdf\/elsenado\/Normatividad\/LegislacionReglamentaria\/LEY31992CONGRESODELAREPUBLICA.pdf\" target=\"_blank\" rel=\"noreferrer noopener\"><strong>Ley 3 de 1992<\/strong>;<\/a>&nbsp;\u00abPor la cual se expiden normas sobre las Comisiones del Congreso de Colombia y se dictan otras disposiciones\u00bb.<\/li><li><a href=\"https:\/\/senado.gov.co\/images\/Archivospdf\/elsenado\/Normatividad\/LegislacionReglamentaria\/LEY1301994CONGRESODELAREPUBLICA.pdf\" target=\"_blank\" rel=\"noreferrer noopener\"><strong>Ley 130 de 1994<\/strong>;<\/a>&nbsp;\u00abPor la cual se dicta el Estatuto b\u00e1sico de los partidos y movimientos pol\u00edticos, se dictan normas sobre su financiaci\u00f3n y la de las campa\u00f1as electorales y se dictan otras disposiciones\u00bb.<\/li><li><a href=\"https:\/\/senado.gov.co\/images\/Archivospdf\/elsenado\/Normatividad\/LegislacionReglamentaria\/LEY1441994CONGRESODELAREPUBLICA.pdf\" target=\"_blank\" rel=\"noreferrer noopener\"><strong>Ley 144 de 1994<\/strong>;<\/a>&nbsp;\u00abPor la cual se establece el procedimiento de p\u00e9rdida de investidura de los congresistas\u00bb.<\/li><li><a href=\"https:\/\/senado.gov.co\/images\/Archivospdf\/elsenado\/Normatividad\/LegislacionReglamentaria\/LEY1861995CONGRESODELAREPUBLICA.pdf\" target=\"_blank\" rel=\"noreferrer noopener\"><strong>Ley 186 de 1995<\/strong>;<\/a>&nbsp;\u00abPor la cual se modifica parcialmente la Ley 5\u00aa de 1992\u00bb.<\/li><li><a href=\"https:\/\/senado.gov.co\/images\/Archivospdf\/elsenado\/Normatividad\/LegislacionReglamentaria\/LEY2731996CONGRESODELAREPUBLICA.pdf\" target=\"_blank\" rel=\"noreferrer noopener\"><strong>Ley 273 de 1996<\/strong>;<\/a>&nbsp;\u00abPor la cual se modifica el Reglamento del Congreso en cuanto al juzgamiento de altos funcionarios\u00bb.<\/li><li><a href=\"https:\/\/senado.gov.co\/images\/Archivospdf\/elsenado\/Normatividad\/LegislacionReglamentaria\/LEY3121996CONGRESODELAREPUBLICA.pdf\" target=\"_blank\" rel=\"noreferrer noopener\"><strong>Ley 312 de 1996<\/strong>;<\/a>&nbsp;\u00abPor medio de la cual se reglamentan las delegaciones permanentes del del Congreso de Colombia ante los Parlamentos Internacionales y se otorgan unas facultades al Gobierno Nacional\u00bb.<\/li><li><a href=\"https:\/\/senado.gov.co\/images\/Archivospdf\/elsenado\/Normatividad\/LegislacionReglamentaria\/LEY4241998CONGRESODELAREPUBLICA.pdf\" target=\"_blank\" rel=\"noreferrer noopener\"><strong>Ley 424 de 1998<\/strong>;<\/a>&nbsp;\u00abPor la cual se ordena el seguimiento a los convenios internacionales suscritos por Colombia\u00bb.<\/li><li><a href=\"https:\/\/senado.gov.co\/images\/Archivospdf\/elsenado\/Normatividad\/LegislacionReglamentaria\/LEY7722002CONGRESODELAREPUBLICA.pdf\" target=\"_blank\" rel=\"noreferrer noopener\"><strong>Ley 772 de 2002<\/strong>;<\/a>&nbsp;\u00abPor medio de la cual se dictan normas concernientes a la elecci\u00f3n de ciudadanos secuestrados\u00bb.<\/li><li><a href=\"https:\/\/senado.gov.co\/images\/Archivospdf\/elsenado\/Normatividad\/LegislacionReglamentaria\/LEY8782004CONGRESODELAREPUBLICA.pdf\" target=\"_blank\" rel=\"noreferrer noopener\"><strong>Ley 878 de 2004<\/strong>;<\/a>&nbsp;\u00abPor la cual se establece la prestaci\u00f3n del servicio de Auxiliar Juridico ad hon\u00f3rem en la Procuraduria General de la Naci\u00f3n y en el Congreso de la Republica para el desempe\u00f1o de la judicatura voluntaria para lo egresados de la Carrera de Derecho\u00bb.<\/li><li><a href=\"https:\/\/senado.gov.co\/images\/Archivospdf\/elsenado\/Normatividad\/LegislacionReglamentaria\/LEY9472005CONGRESODELAREPUBLICA.pdf\" target=\"_blank\" rel=\"noreferrer noopener\"><strong>Ley 947 de 2005<\/strong>;<\/a>&nbsp;\u00abPor la cual se reforma la Ley 424 de 1998 sobre el seguimiento a los convenios internacionales suscritos por Colombia\u00bb.<\/li><li><a href=\"https:\/\/senado.gov.co\/images\/Archivospdf\/elsenado\/Normatividad\/LegislacionReglamentaria\/LEY9552005CONGRESODELAREPUBLICA.pdf\" target=\"_blank\" rel=\"noreferrer noopener\"><strong>Ley 955 de 2005<\/strong>;<\/a>&nbsp;\u00abPor la cual se modifica y aclara la integraci\u00f3n de la Comisi\u00f3n Asesora Presidencial de Relaciones Exteriores en sus art\u00edculos 1\u00b0 y 7\u00b0 de la Ley 68 de 1993\u00bb.<\/li><li><a href=\"https:\/\/senado.gov.co\/images\/Archivospdf\/elsenado\/Normatividad\/LegislacionReglamentaria\/LEY9742005CONGRESODELAREPUBLICA.pdf\" target=\"_blank\" rel=\"noreferrer noopener\"><strong>Ley 974 de 2005<\/strong>;<\/a>&nbsp;\u00abPor la cual se reglamenta la actuaci\u00f3n en bancadas de los miembros de las corporaciones p\u00fablicas y se adecua el Reglamento del Congreso al R\u00e9gimen de Bancadas\u00bb.<\/li><li><a href=\"https:\/\/senado.gov.co\/images\/Archivospdf\/elsenado\/Normatividad\/LegislacionReglamentaria\/LEY11472007CONGRESODELAREPUBLICA.pdf\" target=\"_blank\" rel=\"noreferrer noopener\"><strong>Ley 1147 de 2007<\/strong>;<\/a>&nbsp;\u00abPor la cual se adiciona la Ley 5\u00aa de 1992 y se crean la Comisi\u00f3n Especial de Modernizaci\u00f3n y las Unidades Coordinadoras de Asistencia T\u00e9cnica Legislativa y Atenci\u00f3n Ciudadana del Congreso de la Rep\u00fablica\u00bb.<\/li><\/ul>\n\t\t\t\t\t\t\t\t<\/div>\n\t\t\t\t<\/div>\n\t\t\t\t\t<\/div>\n\t\t<\/div>\n\t\t\t\t\t<\/div>\n\t\t<\/section>\n\t\t\t\t<\/div>\n\t\t","protected":false},"excerpt":{"rendered":"<p>Estas son algunas leyes que armonizan con el contenido de la ley 5\u00aa de 1992: Ley 3 de 1992;&nbsp;\u00abPor la cual se expiden normas sobre las Comisiones del Congreso de&hellip; <\/p>\n","protected":false},"author":3,"featured_media":0,"parent":0,"menu_order":0,"comment_status":"closed","ping_status":"closed","template":"","meta":{"footnotes":""},"class_list":["post-287","page","type-page","status-publish","hentry"],"yoast_head":"<!-- This site is optimized with the Yoast SEO plugin v27.3 - https:\/\/yoast.com\/product\/yoast-seo-wordpress\/ -->\n<title>Legislaci\u00f3n Reglamentaria y\/o Complementaria del sujeto obligado - Revista Congreso Digital<\/title>\n<meta name=\"robots\" content=\"index, follow, max-snippet:-1, max-image-preview:large, max-video-preview:-1\" \/>\n<link rel=\"canonical\" href=\"https:\/\/revistacongresodigital.com\/?page_id=287\" \/>\n<meta property=\"og:locale\" content=\"es_ES\" \/>\n<meta property=\"og:type\" content=\"article\" \/>\n<meta property=\"og:title\" content=\"Legislaci\u00f3n Reglamentaria y\/o Complementaria del sujeto obligado - Revista Congreso Digital\" \/>\n<meta property=\"og:description\" content=\"Estas son algunas leyes que armonizan con el contenido de la ley 5\u00aa de 1992: Ley 3 de 1992;&nbsp;\u00abPor la cual se expiden normas sobre las Comisiones del Congreso de&hellip;\" \/>\n<meta property=\"og:url\" content=\"https:\/\/revistacongresodigital.com\/?page_id=287\" \/>\n<meta property=\"og:site_name\" content=\"Revista Congreso Digital\" \/>\n<meta property=\"article:modified_time\" content=\"2022-04-12T18:53:25+00:00\" \/>\n<meta name=\"twitter:card\" content=\"summary_large_image\" \/>\n<meta name=\"twitter:label1\" content=\"Tiempo de lectura\" \/>\n\t<meta name=\"twitter:data1\" content=\"2 minutos\" \/>\n<script type=\"application\/ld+json\" class=\"yoast-schema-graph\">{\"@context\":\"https:\\\/\\\/schema.org\",\"@graph\":[{\"@type\":\"WebPage\",\"@id\":\"https:\\\/\\\/revistacongresodigital.com\\\/?page_id=287\",\"url\":\"https:\\\/\\\/revistacongresodigital.com\\\/?page_id=287\",\"name\":\"Legislaci\u00f3n Reglamentaria y\\\/o Complementaria del sujeto obligado - Revista Congreso Digital\",\"isPartOf\":{\"@id\":\"https:\\\/\\\/www.revistacongresodigital.com\\\/#website\"},\"datePublished\":\"2021-07-20T09:21:21+00:00\",\"dateModified\":\"2022-04-12T18:53:25+00:00\",\"breadcrumb\":{\"@id\":\"https:\\\/\\\/revistacongresodigital.com\\\/?page_id=287#breadcrumb\"},\"inLanguage\":\"es\",\"potentialAction\":[{\"@type\":\"ReadAction\",\"target\":[\"https:\\\/\\\/revistacongresodigital.com\\\/?page_id=287\"]}]},{\"@type\":\"BreadcrumbList\",\"@id\":\"https:\\\/\\\/revistacongresodigital.com\\\/?page_id=287#breadcrumb\",\"itemListElement\":[{\"@type\":\"ListItem\",\"position\":1,\"name\":\"Portada\",\"item\":\"https:\\\/\\\/www.revistacongresodigital.com\\\/\"},{\"@type\":\"ListItem\",\"position\":2,\"name\":\"Legislaci\u00f3n Reglamentaria y\\\/o Complementaria del sujeto obligado\"}]},{\"@type\":\"WebSite\",\"@id\":\"https:\\\/\\\/www.revistacongresodigital.com\\\/#website\",\"url\":\"https:\\\/\\\/www.revistacongresodigital.com\\\/\",\"name\":\"Revista Congreso Digital\",\"description\":\"Revista Congreso Digital\",\"publisher\":{\"@id\":\"https:\\\/\\\/www.revistacongresodigital.com\\\/#organization\"},\"potentialAction\":[{\"@type\":\"SearchAction\",\"target\":{\"@type\":\"EntryPoint\",\"urlTemplate\":\"https:\\\/\\\/www.revistacongresodigital.com\\\/?s={search_term_string}\"},\"query-input\":{\"@type\":\"PropertyValueSpecification\",\"valueRequired\":true,\"valueName\":\"search_term_string\"}}],\"inLanguage\":\"es\"},{\"@type\":\"Organization\",\"@id\":\"https:\\\/\\\/www.revistacongresodigital.com\\\/#organization\",\"name\":\"Revista Congreso Digital\",\"url\":\"https:\\\/\\\/www.revistacongresodigital.com\\\/\",\"logo\":{\"@type\":\"ImageObject\",\"inLanguage\":\"es\",\"@id\":\"https:\\\/\\\/www.revistacongresodigital.com\\\/#\\\/schema\\\/logo\\\/image\\\/\",\"url\":\"https:\\\/\\\/revistacongresodigital.com\\\/wp-content\\\/uploads\\\/2022\\\/03\\\/cropped-FIRMA-JP-e1648679804884.png\",\"contentUrl\":\"https:\\\/\\\/revistacongresodigital.com\\\/wp-content\\\/uploads\\\/2022\\\/03\\\/cropped-FIRMA-JP-e1648679804884.png\",\"width\":512,\"height\":512,\"caption\":\"Revista Congreso Digital\"},\"image\":{\"@id\":\"https:\\\/\\\/www.revistacongresodigital.com\\\/#\\\/schema\\\/logo\\\/image\\\/\"}}]}<\/script>\n<!-- \/ Yoast SEO plugin. -->","yoast_head_json":{"title":"Legislaci\u00f3n Reglamentaria y\/o Complementaria del sujeto obligado - Revista Congreso Digital","robots":{"index":"index","follow":"follow","max-snippet":"max-snippet:-1","max-image-preview":"max-image-preview:large","max-video-preview":"max-video-preview:-1"},"canonical":"https:\/\/revistacongresodigital.com\/?page_id=287","og_locale":"es_ES","og_type":"article","og_title":"Legislaci\u00f3n Reglamentaria y\/o Complementaria del sujeto obligado - Revista Congreso Digital","og_description":"Estas son algunas leyes que armonizan con el contenido de la ley 5\u00aa de 1992: Ley 3 de 1992;&nbsp;\u00abPor la cual se expiden normas sobre las Comisiones del Congreso de&hellip;","og_url":"https:\/\/revistacongresodigital.com\/?page_id=287","og_site_name":"Revista Congreso Digital","article_modified_time":"2022-04-12T18:53:25+00:00","twitter_card":"summary_large_image","twitter_misc":{"Tiempo de lectura":"2 minutos"},"schema":{"@context":"https:\/\/schema.org","@graph":[{"@type":"WebPage","@id":"https:\/\/revistacongresodigital.com\/?page_id=287","url":"https:\/\/revistacongresodigital.com\/?page_id=287","name":"Legislaci\u00f3n Reglamentaria y\/o Complementaria del sujeto obligado - Revista Congreso Digital","isPartOf":{"@id":"https:\/\/www.revistacongresodigital.com\/#website"},"datePublished":"2021-07-20T09:21:21+00:00","dateModified":"2022-04-12T18:53:25+00:00","breadcrumb":{"@id":"https:\/\/revistacongresodigital.com\/?page_id=287#breadcrumb"},"inLanguage":"es","potentialAction":[{"@type":"ReadAction","target":["https:\/\/revistacongresodigital.com\/?page_id=287"]}]},{"@type":"BreadcrumbList","@id":"https:\/\/revistacongresodigital.com\/?page_id=287#breadcrumb","itemListElement":[{"@type":"ListItem","position":1,"name":"Portada","item":"https:\/\/www.revistacongresodigital.com\/"},{"@type":"ListItem","position":2,"name":"Legislaci\u00f3n Reglamentaria y\/o Complementaria del sujeto obligado"}]},{"@type":"WebSite","@id":"https:\/\/www.revistacongresodigital.com\/#website","url":"https:\/\/www.revistacongresodigital.com\/","name":"Revista Congreso Digital","description":"Revista Congreso Digital","publisher":{"@id":"https:\/\/www.revistacongresodigital.com\/#organization"},"potentialAction":[{"@type":"SearchAction","target":{"@type":"EntryPoint","urlTemplate":"https:\/\/www.revistacongresodigital.com\/?s={search_term_string}"},"query-input":{"@type":"PropertyValueSpecification","valueRequired":true,"valueName":"search_term_string"}}],"inLanguage":"es"},{"@type":"Organization","@id":"https:\/\/www.revistacongresodigital.com\/#organization","name":"Revista Congreso Digital","url":"https:\/\/www.revistacongresodigital.com\/","logo":{"@type":"ImageObject","inLanguage":"es","@id":"https:\/\/www.revistacongresodigital.com\/#\/schema\/logo\/image\/","url":"https:\/\/revistacongresodigital.com\/wp-content\/uploads\/2022\/03\/cropped-FIRMA-JP-e1648679804884.png","contentUrl":"https:\/\/revistacongresodigital.com\/wp-content\/uploads\/2022\/03\/cropped-FIRMA-JP-e1648679804884.png","width":512,"height":512,"caption":"Revista Congreso Digital"},"image":{"@id":"https:\/\/www.revistacongresodigital.com\/#\/schema\/logo\/image\/"}}]}},"_links":{"self":[{"href":"https:\/\/revistacongresodigital.com\/index.php?rest_route=\/wp\/v2\/pages\/287","targetHints":{"allow":["GET"]}}],"collection":[{"href":"https:\/\/revistacongresodigital.com\/index.php?rest_route=\/wp\/v2\/pages"}],"about":[{"href":"https:\/\/revistacongresodigital.com\/index.php?rest_route=\/wp\/v2\/types\/page"}],"author":[{"embeddable":true,"href":"https:\/\/revistacongresodigital.com\/index.php?rest_route=\/wp\/v2\/users\/3"}],"replies":[{"embeddable":true,"href":"https:\/\/revistacongresodigital.com\/index.php?rest_route=%2Fwp%2Fv2%2Fcomments&post=287"}],"version-history":[{"count":4,"href":"https:\/\/revistacongresodigital.com\/index.php?rest_route=\/wp\/v2\/pages\/287\/revisions"}],"predecessor-version":[{"id":1462,"href":"https:\/\/revistacongresodigital.com\/index.php?rest_route=\/wp\/v2\/pages\/287\/revisions\/1462"}],"wp:attachment":[{"href":"https:\/\/revistacongresodigital.com\/index.php?rest_route=%2Fwp%2Fv2%2Fmedia&parent=287"}],"curies":[{"name":"wp","href":"https:\/\/api.w.org\/{rel}","templated":true}]}}