{"id":285,"date":"2021-02-16T11:17:52","date_gmt":"2021-02-16T11:17:52","guid":{"rendered":"http:\/\/themes.tielabs.com\/sahifa5\/?page_id=285"},"modified":"2022-04-12T18:54:11","modified_gmt":"2022-04-12T18:54:11","slug":"ley-5ta-de-1992-reglamento-del-congreso","status":"publish","type":"page","link":"https:\/\/revistacongresodigital.com\/?page_id=285","title":{"rendered":"Ley 5ta. de 1992 Reglamento del Congreso"},"content":{"rendered":"\t\t<div data-elementor-type=\"wp-page\" data-elementor-id=\"285\" class=\"elementor elementor-285\">\n\t\t\t\t\t\t<section class=\"elementor-section elementor-top-section elementor-element elementor-element-20891b elementor-section-boxed elementor-section-height-default elementor-section-height-default\" data-id=\"20891b\" data-element_type=\"section\" data-e-type=\"section\">\n\t\t\t\t\t\t<div class=\"elementor-container elementor-column-gap-default\">\n\t\t\t\t\t<div class=\"elementor-column elementor-col-100 elementor-top-column elementor-element elementor-element-4ae628f4\" data-id=\"4ae628f4\" data-element_type=\"column\" data-e-type=\"column\">\n\t\t\t<div class=\"elementor-widget-wrap elementor-element-populated\">\n\t\t\t\t\t\t<div class=\"elementor-element elementor-element-298e3af elementor-widget elementor-widget-text-editor\" data-id=\"298e3af\" data-element_type=\"widget\" data-e-type=\"widget\" data-widget_type=\"text-editor.default\">\n\t\t\t\t<div class=\"elementor-widget-container\">\n\t\t\t\t\t\t\t\t\t\n<p><strong>Art\u00edculo 1o. Funcionamiento y organizaci\u00f3n del Congreso.<\/strong>&nbsp;El presente estatuto contiene las normas reglamentarias sobre reuniones y funcionamiento del Senado, la C\u00e1mara de Representantes y el Congreso de la Rep\u00fablica en pleno.<\/p>\n\n\n\n<p><strong>Art\u00edculo 2o. Principios de interpretaci\u00f3n del reglamento.<\/strong>&nbsp;En la interpretaci\u00f3n y aplicaci\u00f3n de las normas del presente Reglamento, se tendr\u00e1n en cuenta los siguientes principios:<\/p>\n\n\n\n<p><strong>1. Celeridad de los procedimientos.&nbsp;<\/strong>Guardada la correcci\u00f3n formal de los procedimientos, las normas del Reglamento deben servir para impulsar eficazmente el desarrollo de las labores de todo orden del Congreso.<\/p>\n\n\n\n<p><strong>2. Correcci\u00f3n formal de los procedimientos.<\/strong>&nbsp;Tiene por objeto subsanar los vicios de procedimiento que sean corregibles, en el entendido que as\u00ed se garantiza no s\u00f3lo la constitucionalidad del proceso de formaci\u00f3n de las leyes, sino tambi\u00e9n los derechos de las mayor\u00edas y las minor\u00edas y el ordenado adelantamiento de las discusiones y votaciones.<\/p>\n\n\n\n<p><strong>3. Regla de mayor\u00edas.<\/strong>&nbsp;El Reglamento debe aplicarse en forma tal que toda decisi\u00f3n refleje la voluntad de las mayor\u00edas presentes en la respectiva sesi\u00f3n y consulte, en todo momento, la justicia y el bien com\u00fan.<\/p>\n\n\n\n<p><strong>4. Regla de minor\u00edas.<\/strong>&nbsp;El Reglamento garantiza el derecho de las minor\u00edas a ser representadas, a participar y a expresarse tal como lo determina la Constituci\u00f3n.<\/p>\n\n\n\n<p><strong>Art\u00edculo 3o. Fuentes de interpretaci\u00f3n.<\/strong>&nbsp;Cuando en el presente Reglamento no se encuentre disposici\u00f3n aplicable, se acudir\u00e1 a las normas que regulen casos, materias o procedimientos semejantes y, en su defecto, la jurisprudencia y la doctrina constitucional.<\/p>\n\n\n\n<p><strong>Art\u00edculo 4o. Jerarqu\u00eda de la Constituci\u00f3n.&nbsp;<\/strong>La Constituci\u00f3n es norma de normas. En todo caso de incompatibilidad entre la Constituci\u00f3n y esta ley de Reglamento u otra norma jur\u00eddica, se aplicar\u00e1n las disposiciones constitucionales.<\/p>\n\n\n\n<p><strong>Art\u00edculo 5o. Jerarqu\u00eda del reglamento.&nbsp;<\/strong>En desarrollo y aplicaci\u00f3n de este Reglamento se entender\u00e1n como vicios de procedimiento insubsanables de la Constituci\u00f3n Pol\u00edtica:<\/p>\n\n\n\n<p>1. Toda reuni\u00f3n de Congresistas que, con el prop\u00f3sito de ejercer funciones propias de la Rama Legislativa del Poder P\u00fablico, se efect\u00fae fuera de las condiciones constitucionales. En este evento sus decisiones carecer\u00e1n de validez, y a los actos que realice no podr\u00e1 d\u00e1rseles efecto alguno.<\/p>\n\n\n\n<p>2. El vulnerarse las garant\u00edas constitucionales fundamentales.<\/p>\n\n\n\n<p><strong>Par\u00e1grafo.<\/strong>&nbsp;Sobre reformas constitucionales prevalecer\u00e1 lo dispuesto en el art\u00edculo 379 constitucional.<\/p>\n\t\t\t\t\t\t\t\t<\/div>\n\t\t\t\t<\/div>\n\t\t\t\t\t<\/div>\n\t\t<\/div>\n\t\t\t\t\t<\/div>\n\t\t<\/section>\n\t\t\t\t<\/div>\n\t\t","protected":false},"excerpt":{"rendered":"<p>Art\u00edculo 1o. Funcionamiento y organizaci\u00f3n del Congreso.&nbsp;El presente estatuto contiene las normas reglamentarias sobre reuniones y funcionamiento del Senado, la C\u00e1mara de Representantes y el Congreso de la Rep\u00fablica en&hellip; <\/p>\n","protected":false},"author":3,"featured_media":0,"parent":0,"menu_order":0,"comment_status":"closed","ping_status":"closed","template":"","meta":{"footnotes":""},"class_list":["post-285","page","type-page","status-publish","hentry"],"yoast_head":"<!-- This site is optimized with the Yoast SEO plugin v27.3 - https:\/\/yoast.com\/product\/yoast-seo-wordpress\/ -->\n<title>Ley 5ta. de 1992 Reglamento del Congreso - Revista Congreso Digital<\/title>\n<meta name=\"robots\" content=\"index, follow, max-snippet:-1, max-image-preview:large, max-video-preview:-1\" \/>\n<link rel=\"canonical\" href=\"https:\/\/revistacongresodigital.com\/?page_id=285\" \/>\n<meta property=\"og:locale\" content=\"es_ES\" \/>\n<meta property=\"og:type\" content=\"article\" \/>\n<meta property=\"og:title\" content=\"Ley 5ta. de 1992 Reglamento del Congreso - Revista Congreso Digital\" \/>\n<meta property=\"og:description\" content=\"Art\u00edculo 1o. Funcionamiento y organizaci\u00f3n del Congreso.&nbsp;El presente estatuto contiene las normas reglamentarias sobre reuniones y funcionamiento del Senado, la C\u00e1mara de Representantes y el Congreso de la Rep\u00fablica en&hellip;\" \/>\n<meta property=\"og:url\" content=\"https:\/\/revistacongresodigital.com\/?page_id=285\" \/>\n<meta property=\"og:site_name\" content=\"Revista Congreso Digital\" \/>\n<meta property=\"article:modified_time\" content=\"2022-04-12T18:54:11+00:00\" \/>\n<meta name=\"twitter:card\" content=\"summary_large_image\" \/>\n<meta name=\"twitter:label1\" content=\"Tiempo de lectura\" \/>\n\t<meta name=\"twitter:data1\" content=\"2 minutos\" \/>\n<script type=\"application\/ld+json\" class=\"yoast-schema-graph\">{\"@context\":\"https:\\\/\\\/schema.org\",\"@graph\":[{\"@type\":\"WebPage\",\"@id\":\"https:\\\/\\\/revistacongresodigital.com\\\/?page_id=285\",\"url\":\"https:\\\/\\\/revistacongresodigital.com\\\/?page_id=285\",\"name\":\"Ley 5ta. de 1992 Reglamento del Congreso - Revista Congreso Digital\",\"isPartOf\":{\"@id\":\"https:\\\/\\\/www.revistacongresodigital.com\\\/#website\"},\"datePublished\":\"2021-02-16T11:17:52+00:00\",\"dateModified\":\"2022-04-12T18:54:11+00:00\",\"breadcrumb\":{\"@id\":\"https:\\\/\\\/revistacongresodigital.com\\\/?page_id=285#breadcrumb\"},\"inLanguage\":\"es\",\"potentialAction\":[{\"@type\":\"ReadAction\",\"target\":[\"https:\\\/\\\/revistacongresodigital.com\\\/?page_id=285\"]}]},{\"@type\":\"BreadcrumbList\",\"@id\":\"https:\\\/\\\/revistacongresodigital.com\\\/?page_id=285#breadcrumb\",\"itemListElement\":[{\"@type\":\"ListItem\",\"position\":1,\"name\":\"Portada\",\"item\":\"https:\\\/\\\/www.revistacongresodigital.com\\\/\"},{\"@type\":\"ListItem\",\"position\":2,\"name\":\"Ley 5ta. de 1992 Reglamento del Congreso\"}]},{\"@type\":\"WebSite\",\"@id\":\"https:\\\/\\\/www.revistacongresodigital.com\\\/#website\",\"url\":\"https:\\\/\\\/www.revistacongresodigital.com\\\/\",\"name\":\"Revista Congreso Digital\",\"description\":\"Revista Congreso Digital\",\"publisher\":{\"@id\":\"https:\\\/\\\/www.revistacongresodigital.com\\\/#organization\"},\"potentialAction\":[{\"@type\":\"SearchAction\",\"target\":{\"@type\":\"EntryPoint\",\"urlTemplate\":\"https:\\\/\\\/www.revistacongresodigital.com\\\/?s={search_term_string}\"},\"query-input\":{\"@type\":\"PropertyValueSpecification\",\"valueRequired\":true,\"valueName\":\"search_term_string\"}}],\"inLanguage\":\"es\"},{\"@type\":\"Organization\",\"@id\":\"https:\\\/\\\/www.revistacongresodigital.com\\\/#organization\",\"name\":\"Revista Congreso Digital\",\"url\":\"https:\\\/\\\/www.revistacongresodigital.com\\\/\",\"logo\":{\"@type\":\"ImageObject\",\"inLanguage\":\"es\",\"@id\":\"https:\\\/\\\/www.revistacongresodigital.com\\\/#\\\/schema\\\/logo\\\/image\\\/\",\"url\":\"https:\\\/\\\/revistacongresodigital.com\\\/wp-content\\\/uploads\\\/2022\\\/03\\\/cropped-FIRMA-JP-e1648679804884.png\",\"contentUrl\":\"https:\\\/\\\/revistacongresodigital.com\\\/wp-content\\\/uploads\\\/2022\\\/03\\\/cropped-FIRMA-JP-e1648679804884.png\",\"width\":512,\"height\":512,\"caption\":\"Revista Congreso Digital\"},\"image\":{\"@id\":\"https:\\\/\\\/www.revistacongresodigital.com\\\/#\\\/schema\\\/logo\\\/image\\\/\"}}]}<\/script>\n<!-- \/ Yoast SEO plugin. -->","yoast_head_json":{"title":"Ley 5ta. de 1992 Reglamento del Congreso - Revista Congreso Digital","robots":{"index":"index","follow":"follow","max-snippet":"max-snippet:-1","max-image-preview":"max-image-preview:large","max-video-preview":"max-video-preview:-1"},"canonical":"https:\/\/revistacongresodigital.com\/?page_id=285","og_locale":"es_ES","og_type":"article","og_title":"Ley 5ta. de 1992 Reglamento del Congreso - Revista Congreso Digital","og_description":"Art\u00edculo 1o. Funcionamiento y organizaci\u00f3n del Congreso.&nbsp;El presente estatuto contiene las normas reglamentarias sobre reuniones y funcionamiento del Senado, la C\u00e1mara de Representantes y el Congreso de la Rep\u00fablica en&hellip;","og_url":"https:\/\/revistacongresodigital.com\/?page_id=285","og_site_name":"Revista Congreso Digital","article_modified_time":"2022-04-12T18:54:11+00:00","twitter_card":"summary_large_image","twitter_misc":{"Tiempo de lectura":"2 minutos"},"schema":{"@context":"https:\/\/schema.org","@graph":[{"@type":"WebPage","@id":"https:\/\/revistacongresodigital.com\/?page_id=285","url":"https:\/\/revistacongresodigital.com\/?page_id=285","name":"Ley 5ta. de 1992 Reglamento del Congreso - Revista Congreso Digital","isPartOf":{"@id":"https:\/\/www.revistacongresodigital.com\/#website"},"datePublished":"2021-02-16T11:17:52+00:00","dateModified":"2022-04-12T18:54:11+00:00","breadcrumb":{"@id":"https:\/\/revistacongresodigital.com\/?page_id=285#breadcrumb"},"inLanguage":"es","potentialAction":[{"@type":"ReadAction","target":["https:\/\/revistacongresodigital.com\/?page_id=285"]}]},{"@type":"BreadcrumbList","@id":"https:\/\/revistacongresodigital.com\/?page_id=285#breadcrumb","itemListElement":[{"@type":"ListItem","position":1,"name":"Portada","item":"https:\/\/www.revistacongresodigital.com\/"},{"@type":"ListItem","position":2,"name":"Ley 5ta. de 1992 Reglamento del Congreso"}]},{"@type":"WebSite","@id":"https:\/\/www.revistacongresodigital.com\/#website","url":"https:\/\/www.revistacongresodigital.com\/","name":"Revista Congreso Digital","description":"Revista Congreso Digital","publisher":{"@id":"https:\/\/www.revistacongresodigital.com\/#organization"},"potentialAction":[{"@type":"SearchAction","target":{"@type":"EntryPoint","urlTemplate":"https:\/\/www.revistacongresodigital.com\/?s={search_term_string}"},"query-input":{"@type":"PropertyValueSpecification","valueRequired":true,"valueName":"search_term_string"}}],"inLanguage":"es"},{"@type":"Organization","@id":"https:\/\/www.revistacongresodigital.com\/#organization","name":"Revista Congreso Digital","url":"https:\/\/www.revistacongresodigital.com\/","logo":{"@type":"ImageObject","inLanguage":"es","@id":"https:\/\/www.revistacongresodigital.com\/#\/schema\/logo\/image\/","url":"https:\/\/revistacongresodigital.com\/wp-content\/uploads\/2022\/03\/cropped-FIRMA-JP-e1648679804884.png","contentUrl":"https:\/\/revistacongresodigital.com\/wp-content\/uploads\/2022\/03\/cropped-FIRMA-JP-e1648679804884.png","width":512,"height":512,"caption":"Revista Congreso Digital"},"image":{"@id":"https:\/\/www.revistacongresodigital.com\/#\/schema\/logo\/image\/"}}]}},"_links":{"self":[{"href":"https:\/\/revistacongresodigital.com\/index.php?rest_route=\/wp\/v2\/pages\/285","targetHints":{"allow":["GET"]}}],"collection":[{"href":"https:\/\/revistacongresodigital.com\/index.php?rest_route=\/wp\/v2\/pages"}],"about":[{"href":"https:\/\/revistacongresodigital.com\/index.php?rest_route=\/wp\/v2\/types\/page"}],"author":[{"embeddable":true,"href":"https:\/\/revistacongresodigital.com\/index.php?rest_route=\/wp\/v2\/users\/3"}],"replies":[{"embeddable":true,"href":"https:\/\/revistacongresodigital.com\/index.php?rest_route=%2Fwp%2Fv2%2Fcomments&post=285"}],"version-history":[{"count":4,"href":"https:\/\/revistacongresodigital.com\/index.php?rest_route=\/wp\/v2\/pages\/285\/revisions"}],"predecessor-version":[{"id":1465,"href":"https:\/\/revistacongresodigital.com\/index.php?rest_route=\/wp\/v2\/pages\/285\/revisions\/1465"}],"wp:attachment":[{"href":"https:\/\/revistacongresodigital.com\/index.php?rest_route=%2Fwp%2Fv2%2Fmedia&parent=285"}],"curies":[{"name":"wp","href":"https:\/\/api.w.org\/{rel}","templated":true}]}}